{"id":34,"date":"2026-01-08T20:51:47","date_gmt":"2026-01-08T18:51:47","guid":{"rendered":"https:\/\/womencomingwithjoy.com\/blog\/?page_id=34"},"modified":"2026-01-08T21:15:10","modified_gmt":"2026-01-08T19:15:10","slug":"home","status":"publish","type":"page","link":"https:\/\/womencomingwithjoy.com\/blog\/home\/","title":{"rendered":"Sosyal ve Etkile\u015fimli Casino Oyunlar\u0131"},"content":{"rendered":"<p>Son y\u0131llarda sosyal casino oyunlar\u0131, online casino d\u00fcnyas\u0131nda giderek daha fazla pop\u00fclerlik kazan\u0131yor. Bu t\u00fcr oyunlar, sadece bireysel deneyim sunmakla kalmay\u0131p ayn\u0131 zamanda oyuncular aras\u0131nda g\u00fc\u00e7l\u00fc bir topluluk ve etkile\u015fim imkan\u0131 yarat\u0131yor. \u00c7ok oyunculu oyunlar sayesinde kullan\u0131c\u0131lar, ger\u00e7ek zamanl\u0131 olarak arkada\u015flar\u0131 veya d\u00fcnya \u00e7ap\u0131ndaki di\u011fer oyuncularla rekabet edebiliyor veya i\u015fbirli\u011fi yapabiliyor. Bu, tradisyonel casino oyunlar\u0131ndan farkl\u0131 bir deneyim sunarak sosyal ba\u011flar\u0131 g\u00fc\u00e7lendiriyor.<\/p>\n<p style=\"text-align: center;\"><img loading=\"lazy\" decoding=\"async\" class=\"alignnone size-full wp-image-27\" src=\"https:\/\/womencomingwithjoy.com\/blog\/wp-content\/uploads\/2026\/01\/img_large_1.webp\" alt=\"\" width=\"1440\" height=\"735\" srcset=\"https:\/\/womencomingwithjoy.com\/blog\/wp-content\/uploads\/2026\/01\/img_large_1.webp 1440w, https:\/\/womencomingwithjoy.com\/blog\/wp-content\/uploads\/2026\/01\/img_large_1-300x153.webp 300w, https:\/\/womencomingwithjoy.com\/blog\/wp-content\/uploads\/2026\/01\/img_large_1-1024x523.webp 1024w, https:\/\/womencomingwithjoy.com\/blog\/wp-content\/uploads\/2026\/01\/img_large_1-768x392.webp 768w\" sizes=\"auto, (max-width: 1440px) 100vw, 1440px\" \/><\/p>\n<p>Etkile\u015fimli oyunlar, oyuncular\u0131n sadece oyun oynamaktan \u00f6te, birbirleriyle sohbet etmelerini, strateji payla\u015fmalar\u0131n\u0131 ve hatta turnuvalara kat\u0131lmalar\u0131n\u0131 sa\u011fl\u0131yor. Bu \u00f6zellikler, kullan\u0131c\u0131lar\u0131n oyun platformlar\u0131na olan ba\u011fl\u0131l\u0131\u011f\u0131n\u0131 art\u0131r\u0131rken, yeni oyuncular\u0131n da h\u0131zl\u0131ca toplulu\u011fa adapte olmas\u0131na yard\u0131mc\u0131 oluyor. Sosyal casino platformlar\u0131, hem e\u011flence hem de sosyal deneyim sunarak sekt\u00f6rde \u00f6nemli bir trend haline geldi.<\/p>\n<p>Topluluk odakl\u0131 yakla\u015f\u0131m, sosyal casino oyunlar\u0131n\u0131n ba\u015far\u0131l\u0131 olmas\u0131n\u0131n temel sebeplerinden biri. Oyuncular sadece \u015fans fakt\u00f6r\u00fcne ba\u011fl\u0131 kalm\u0131yor, ayn\u0131 zamanda strateji geli\u015ftirip, di\u011fer oyunculardan destek alarak oyun deneyimini zenginle\u015ftiriyor. Bu t\u00fcr oyunlar\u0131n sundu\u011fu etkile\u015fimli \u00f6zellikler, sekt\u00f6rde yenilik\u00e7i yap\u0131lar olu\u015fturarak online casinolar\u0131n gelece\u011finde \u00f6nemli bir rol oynuyor. Dolay\u0131s\u0131yla sosyal ve \u00e7ok oyunculu oyunlar\u0131n y\u00fckseli\u015fi, casino oyun trendlerinde kal\u0131c\u0131 bir de\u011fi\u015fimi simgeliyor.<\/p>\n","protected":false},"excerpt":{"rendered":"<p>Son y\u0131llarda sosyal casino oyunlar\u0131, online casino d\u00fcnyas\u0131nda giderek daha fazla pop\u00fclerlik kazan\u0131yor. Bu t\u00fcr oyunlar, sadece bireysel deneyim sunmakla kalmay\u0131p ayn\u0131 zamanda oyuncular aras\u0131nda g\u00fc\u00e7l\u00fc bir topluluk ve etkile\u015fim imkan\u0131 yarat\u0131yor. \u00c7ok oyunculu oyunlar sayesinde kullan\u0131c\u0131lar, ger\u00e7ek zamanl\u0131 olarak arkada\u015flar\u0131 veya d\u00fcnya \u00e7ap\u0131ndaki di\u011fer oyuncularla rekabet edebiliyor veya i\u015fbirli\u011fi yapabiliyor. Bu, tradisyonel casino oyunlar\u0131ndan [&hellip;]<\/p>\n","protected":false},"author":1,"featured_media":0,"parent":0,"menu_order":0,"comment_status":"closed","ping_status":"closed","template":"","meta":{"footnotes":""},"class_list":["post-34","page","type-page","status-publish","hentry"],"yoast_head":"<!-- This site is optimized with the Yoast SEO plugin v26.9 - https:\/\/yoast.com\/product\/yoast-seo-wordpress\/ -->\n<title>Sosyal ve Etkile\u015fimli Casino Oyunlar\u0131 - womencomingwithjoy.com<\/title>\n<meta name=\"description\" content=\"womencomingwithjoy.com - Sosyal ve Etkile\u015fimli Casino Oyunlar\u0131\" \/>\n<meta name=\"robots\" content=\"index, follow, max-snippet:-1, max-image-preview:large, max-video-preview:-1\" \/>\n<link rel=\"canonical\" href=\"https:\/\/womencomingwithjoy.com\/blog\/home\/\" \/>\n<meta property=\"og:locale\" content=\"en_US\" \/>\n<meta property=\"og:type\" content=\"article\" \/>\n<meta property=\"og:title\" content=\"Sosyal ve Etkile\u015fimli Casino Oyunlar\u0131 - womencomingwithjoy.com\" \/>\n<meta property=\"og:description\" content=\"womencomingwithjoy.com - Sosyal ve Etkile\u015fimli Casino Oyunlar\u0131\" \/>\n<meta property=\"og:url\" content=\"https:\/\/womencomingwithjoy.com\/blog\/home\/\" \/>\n<meta property=\"og:site_name\" content=\"womencomingwithjoy.com\" \/>\n<meta property=\"article:modified_time\" content=\"2026-01-08T19:15:10+00:00\" \/>\n<meta property=\"og:image\" content=\"https:\/\/womencomingwithjoy.com\/blog\/wp-content\/uploads\/2026\/01\/img_large_1.webp\" \/>\n<meta name=\"twitter:card\" content=\"summary_large_image\" \/>\n<meta name=\"twitter:label1\" content=\"Est. reading time\" \/>\n\t<meta name=\"twitter:data1\" content=\"1 minute\" \/>\n<script type=\"application\/ld+json\" class=\"yoast-schema-graph\">{\"@context\":\"https:\/\/schema.org\",\"@graph\":[{\"@type\":\"WebPage\",\"@id\":\"https:\/\/womencomingwithjoy.com\/blog\/home\/\",\"url\":\"https:\/\/womencomingwithjoy.com\/blog\/home\/\",\"name\":\"Sosyal ve Etkile\u015fimli Casino Oyunlar\u0131 - womencomingwithjoy.com\",\"isPartOf\":{\"@id\":\"https:\/\/womencomingwithjoy.com\/blog\/#website\"},\"primaryImageOfPage\":{\"@id\":\"https:\/\/womencomingwithjoy.com\/blog\/home\/#primaryimage\"},\"image\":{\"@id\":\"https:\/\/womencomingwithjoy.com\/blog\/home\/#primaryimage\"},\"thumbnailUrl\":\"https:\/\/womencomingwithjoy.com\/blog\/wp-content\/uploads\/2026\/01\/img_large_1.webp\",\"datePublished\":\"2026-01-08T18:51:47+00:00\",\"dateModified\":\"2026-01-08T19:15:10+00:00\",\"description\":\"womencomingwithjoy.com - Sosyal ve Etkile\u015fimli Casino Oyunlar\u0131\",\"breadcrumb\":{\"@id\":\"https:\/\/womencomingwithjoy.com\/blog\/home\/#breadcrumb\"},\"inLanguage\":\"en-US\",\"potentialAction\":[{\"@type\":\"ReadAction\",\"target\":[\"https:\/\/womencomingwithjoy.com\/blog\/home\/\"]}]},{\"@type\":\"ImageObject\",\"inLanguage\":\"en-US\",\"@id\":\"https:\/\/womencomingwithjoy.com\/blog\/home\/#primaryimage\",\"url\":\"https:\/\/womencomingwithjoy.com\/blog\/wp-content\/uploads\/2026\/01\/img_large_1.webp\",\"contentUrl\":\"https:\/\/womencomingwithjoy.com\/blog\/wp-content\/uploads\/2026\/01\/img_large_1.webp\",\"width\":1440,\"height\":735},{\"@type\":\"BreadcrumbList\",\"@id\":\"https:\/\/womencomingwithjoy.com\/blog\/home\/#breadcrumb\",\"itemListElement\":[{\"@type\":\"ListItem\",\"position\":1,\"name\":\"womencomingwithjoy.com\",\"item\":\"https:\/\/womencomingwithjoy.com\/\"},{\"@type\":\"ListItem\",\"position\":2,\"name\":\"Blog\",\"item\":\"https:\/\/womencomingwithjoy.com\/blog\/\"},{\"@type\":\"ListItem\",\"position\":3,\"name\":\"Sosyal ve Etkile\u015fimli Casino Oyunlar\u0131\"}]},{\"@type\":\"WebSite\",\"@id\":\"https:\/\/womencomingwithjoy.com\/blog\/#website\",\"url\":\"https:\/\/womencomingwithjoy.com\/blog\/\",\"name\":\"Blog\",\"description\":\"\",\"publisher\":{\"@id\":\"https:\/\/womencomingwithjoy.com\/blog\/#organization\"},\"potentialAction\":[{\"@type\":\"SearchAction\",\"target\":{\"@type\":\"EntryPoint\",\"urlTemplate\":\"https:\/\/womencomingwithjoy.com\/blog\/?s={search_term_string}\"},\"query-input\":{\"@type\":\"PropertyValueSpecification\",\"valueRequired\":true,\"valueName\":\"search_term_string\"}}],\"inLanguage\":\"en-US\"},{\"@type\":\"Organization\",\"@id\":\"https:\/\/womencomingwithjoy.com\/blog\/#organization\",\"name\":\"Blog\",\"url\":\"https:\/\/womencomingwithjoy.com\/blog\/\",\"logo\":{\"@type\":\"ImageObject\",\"inLanguage\":\"en-US\",\"@id\":\"https:\/\/womencomingwithjoy.com\/blog\/#\/schema\/logo\/image\/\",\"url\":\"https:\/\/womencomingwithjoy.com\/blog\/wp-content\/uploads\/2026\/01\/cropped-img_mini_1.webp\",\"contentUrl\":\"https:\/\/womencomingwithjoy.com\/blog\/wp-content\/uploads\/2026\/01\/cropped-img_mini_1.webp\",\"width\":150,\"height\":150,\"caption\":\"Blog\"},\"image\":{\"@id\":\"https:\/\/womencomingwithjoy.com\/blog\/#\/schema\/logo\/image\/\"}}]}<\/script>\n<!-- \/ Yoast SEO plugin. -->","yoast_head_json":{"title":"Sosyal ve Etkile\u015fimli Casino Oyunlar\u0131 - womencomingwithjoy.com","description":"womencomingwithjoy.com - Sosyal ve Etkile\u015fimli Casino Oyunlar\u0131","robots":{"index":"index","follow":"follow","max-snippet":"max-snippet:-1","max-image-preview":"max-image-preview:large","max-video-preview":"max-video-preview:-1"},"canonical":"https:\/\/womencomingwithjoy.com\/blog\/home\/","og_locale":"en_US","og_type":"article","og_title":"Sosyal ve Etkile\u015fimli Casino Oyunlar\u0131 - womencomingwithjoy.com","og_description":"womencomingwithjoy.com - Sosyal ve Etkile\u015fimli Casino Oyunlar\u0131","og_url":"https:\/\/womencomingwithjoy.com\/blog\/home\/","og_site_name":"womencomingwithjoy.com","article_modified_time":"2026-01-08T19:15:10+00:00","og_image":[{"url":"https:\/\/womencomingwithjoy.com\/blog\/wp-content\/uploads\/2026\/01\/img_large_1.webp","type":"","width":"","height":""}],"twitter_card":"summary_large_image","twitter_misc":{"Est. reading time":"1 minute"},"schema":{"@context":"https:\/\/schema.org","@graph":[{"@type":"WebPage","@id":"https:\/\/womencomingwithjoy.com\/blog\/home\/","url":"https:\/\/womencomingwithjoy.com\/blog\/home\/","name":"Sosyal ve Etkile\u015fimli Casino Oyunlar\u0131 - womencomingwithjoy.com","isPartOf":{"@id":"https:\/\/womencomingwithjoy.com\/blog\/#website"},"primaryImageOfPage":{"@id":"https:\/\/womencomingwithjoy.com\/blog\/home\/#primaryimage"},"image":{"@id":"https:\/\/womencomingwithjoy.com\/blog\/home\/#primaryimage"},"thumbnailUrl":"https:\/\/womencomingwithjoy.com\/blog\/wp-content\/uploads\/2026\/01\/img_large_1.webp","datePublished":"2026-01-08T18:51:47+00:00","dateModified":"2026-01-08T19:15:10+00:00","description":"womencomingwithjoy.com - Sosyal ve Etkile\u015fimli Casino Oyunlar\u0131","breadcrumb":{"@id":"https:\/\/womencomingwithjoy.com\/blog\/home\/#breadcrumb"},"inLanguage":"en-US","potentialAction":[{"@type":"ReadAction","target":["https:\/\/womencomingwithjoy.com\/blog\/home\/"]}]},{"@type":"ImageObject","inLanguage":"en-US","@id":"https:\/\/womencomingwithjoy.com\/blog\/home\/#primaryimage","url":"https:\/\/womencomingwithjoy.com\/blog\/wp-content\/uploads\/2026\/01\/img_large_1.webp","contentUrl":"https:\/\/womencomingwithjoy.com\/blog\/wp-content\/uploads\/2026\/01\/img_large_1.webp","width":1440,"height":735},{"@type":"BreadcrumbList","@id":"https:\/\/womencomingwithjoy.com\/blog\/home\/#breadcrumb","itemListElement":[{"@type":"ListItem","position":1,"name":"womencomingwithjoy.com","item":"https:\/\/womencomingwithjoy.com\/"},{"@type":"ListItem","position":2,"name":"Blog","item":"https:\/\/womencomingwithjoy.com\/blog\/"},{"@type":"ListItem","position":3,"name":"Sosyal ve Etkile\u015fimli Casino Oyunlar\u0131"}]},{"@type":"WebSite","@id":"https:\/\/womencomingwithjoy.com\/blog\/#website","url":"https:\/\/womencomingwithjoy.com\/blog\/","name":"Blog","description":"","publisher":{"@id":"https:\/\/womencomingwithjoy.com\/blog\/#organization"},"potentialAction":[{"@type":"SearchAction","target":{"@type":"EntryPoint","urlTemplate":"https:\/\/womencomingwithjoy.com\/blog\/?s={search_term_string}"},"query-input":{"@type":"PropertyValueSpecification","valueRequired":true,"valueName":"search_term_string"}}],"inLanguage":"en-US"},{"@type":"Organization","@id":"https:\/\/womencomingwithjoy.com\/blog\/#organization","name":"Blog","url":"https:\/\/womencomingwithjoy.com\/blog\/","logo":{"@type":"ImageObject","inLanguage":"en-US","@id":"https:\/\/womencomingwithjoy.com\/blog\/#\/schema\/logo\/image\/","url":"https:\/\/womencomingwithjoy.com\/blog\/wp-content\/uploads\/2026\/01\/cropped-img_mini_1.webp","contentUrl":"https:\/\/womencomingwithjoy.com\/blog\/wp-content\/uploads\/2026\/01\/cropped-img_mini_1.webp","width":150,"height":150,"caption":"Blog"},"image":{"@id":"https:\/\/womencomingwithjoy.com\/blog\/#\/schema\/logo\/image\/"}}]}},"_links":{"self":[{"href":"https:\/\/womencomingwithjoy.com\/blog\/wp-json\/wp\/v2\/pages\/34","targetHints":{"allow":["GET"]}}],"collection":[{"href":"https:\/\/womencomingwithjoy.com\/blog\/wp-json\/wp\/v2\/pages"}],"about":[{"href":"https:\/\/womencomingwithjoy.com\/blog\/wp-json\/wp\/v2\/types\/page"}],"author":[{"embeddable":true,"href":"https:\/\/womencomingwithjoy.com\/blog\/wp-json\/wp\/v2\/users\/1"}],"replies":[{"embeddable":true,"href":"https:\/\/womencomingwithjoy.com\/blog\/wp-json\/wp\/v2\/comments?post=34"}],"version-history":[{"count":2,"href":"https:\/\/womencomingwithjoy.com\/blog\/wp-json\/wp\/v2\/pages\/34\/revisions"}],"predecessor-version":[{"id":50,"href":"https:\/\/womencomingwithjoy.com\/blog\/wp-json\/wp\/v2\/pages\/34\/revisions\/50"}],"wp:attachment":[{"href":"https:\/\/womencomingwithjoy.com\/blog\/wp-json\/wp\/v2\/media?parent=34"}],"curies":[{"name":"wp","href":"https:\/\/api.w.org\/{rel}","templated":true}]}}